{"id":9,"date":"2024-07-11T09:51:08","date_gmt":"2024-07-11T07:51:08","guid":{"rendered":"http:\/\/laboratoireorganiquedelustar.fr\/?page_id=9"},"modified":"2025-12-05T11:59:29","modified_gmt":"2025-12-05T10:59:29","slug":"contact-2","status":"publish","type":"page","link":"https:\/\/laboratoireorganiquedelustar.fr\/index.php\/contact-2\/","title":{"rendered":"Contact"},"content":{"rendered":"\n<div class=\"wp-block-group alignfull has-global-padding is-layout-constrained wp-container-core-group-is-layout-19e250f3 wp-block-group-is-layout-constrained\">\n<div class=\"wp-block-columns alignfull has-light-background-background-color has-background is-layout-flex wp-container-core-columns-is-layout-dd282781 wp-block-columns-is-layout-flex\" style=\"padding-top:0;padding-right:0;padding-bottom:0;padding-left:0\">\n<div class=\"wp-block-column is-vertically-aligned-center map-grayscale is-layout-flow wp-block-column-is-layout-flow\" style=\"flex-basis:50%\">\n<figure class=\"wp-block-image size-full\"><img fetchpriority=\"high\" decoding=\"async\" width=\"740\" height=\"483\" src=\"http:\/\/localhost:8888\/wordpressLOL\/wp-content\/uploads\/2025\/01\/Carte-lol.png\" alt=\"\" class=\"wp-image-131\" srcset=\"https:\/\/laboratoireorganiquedelustar.fr\/wp-content\/uploads\/2025\/01\/Carte-lol.png 740w, https:\/\/laboratoireorganiquedelustar.fr\/wp-content\/uploads\/2025\/01\/Carte-lol-300x196.png 300w\" sizes=\"(max-width: 740px) 100vw, 740px\" \/><\/figure>\n<\/div>\n\n\n\n<div class=\"wp-block-column is-vertically-aligned-center is-layout-flow wp-block-column-is-layout-flow\" style=\"padding-top:var(--wp--preset--spacing--small);padding-right:var(--wp--preset--spacing--small);padding-bottom:var(--wp--preset--spacing--small);padding-left:2%;flex-basis:50%\">\n<h3 class=\"wp-block-heading has-large-font-size\">\ud83d\udcde <strong>Nous Contacter<\/strong><\/h3>\n\n\n\n<p>Vous avez des questions, des id\u00e9es de projets ou envie de d\u00e9couvrir notre FabLab ? Nous sommes l\u00e0 pour vous accompagner dans toutes vos d\u00e9marches cr\u00e9atives et techniques !<\/p>\n\n\n\n<p><strong>\ud83d\udccd Adresse :<\/strong><br>10 chemin de Bugard<\/p>\n\n\n\n<p>65220 Lustar<\/p>\n\n\n\n<p><strong>\ud83d\udce7 Email :<\/strong><br>contact@lelol.fr<\/p>\n\n\n\n<p class=\"has-small-font-size\"><strong>\ud83d\udcde T\u00e9l\u00e9phone :<\/strong><br>05 62 95 20 77<\/p>\n\n\n\n<p class=\"has-small-font-size\"><strong>\ud83d\udcc6 Horaires :<\/strong><br>Les mercredis sur r\u00e9servations<\/p>\n\n\n\n<p>Que vous soyez curieux, passionn\u00e9, d\u00e9butant ou expert, n\u2019h\u00e9sitez pas \u00e0 nous \u00e9crire ou \u00e0 passer nous voir. Nous serons ravis de vous accueillir, de r\u00e9pondre \u00e0 vos questions et de vous aider \u00e0 concr\u00e9tiser vos projets.<\/p>\n\n\n\n<p>\ud83d\udc49 <strong>Rejoignez-nous et lib\u00e9rez votre cr\u00e9ativit\u00e9 !<\/strong><\/p>\n<\/div>\n<\/div>\n<\/div>\n\n\n\n<hr class=\"wp-block-separator has-alpha-channel-opacity is-style-dots\"\/>\n\n\n\n<div class=\"wp-block-wpzoom-blocks-social-icons is-style-with-canvas-round\" style=\"--wpz-social-icons-block-item-font-size:18px;--wpz-social-icons-block-item-padding-horizontal:6px;--wpz-social-icons-block-item-padding-vertical:6px;--wpz-social-icons-block-item-margin-horizontal:5px;--wpz-social-icons-block-item-margin-vertical:5px;--wpz-social-icons-block-item-border-radius:50px;--wpz-social-icons-block-label-font-size:16px;--wpz-social-icons-block-label-color:#2e3131;--wpz-social-icons-block-label-color-hover:#2e3131;--wpz-social-icons-alignment:center\"><a href=\"https:\/\/www.facebook.com\/LaboratoiredeLustar\/\" class=\"social-icon-link\" title=\"Facebook\" style=\"--wpz-social-icons-block-item-color:#0866FF;--wpz-social-icons-block-item-color-hover:#0866FF\"><span class=\"social-icon socicon socicon-facebook\"><\/span><\/a><a href=\"https:\/\/www.instagram.com\/laboratoireorganiquelustar\/\" class=\"social-icon-link\" title=\"Instagram\" style=\"--wpz-social-icons-block-item-color:#E4405F;--wpz-social-icons-block-item-color-hover:#E4405F\"><span class=\"social-icon socicon socicon-instagram\"><\/span><\/a><\/div>\n\n\n\n<p><\/p>\n\n\n\n<div class=\"wp-block-buttons is-content-justification-center is-layout-flex wp-container-core-buttons-is-layout-a89b3969 wp-block-buttons-is-layout-flex\">\n<div class=\"wp-block-button is-style-outline is-style-outline--1\"><a class=\"wp-block-button__link has-background has-medium-font-size has-custom-font-size wp-element-button\" href=\"https:\/\/www.helloasso.com\/associations\/laboratoire-organique-de-lustar\/adhesions\/adhesion-laboratoire-organique-de-lustar-2026\" style=\"background-color:#eed780\">Soutenez-nous en devenant adh\u00e9rent\u00b7e !<\/a><\/div>\n<\/div>\n\n\n\n<p><\/p>\n","protected":false},"excerpt":{"rendered":"<p>\ud83d\udcde Nous Contacter Vous avez des questions, des id\u00e9es de projets ou envie de d\u00e9couvrir notre FabLab ? Nous sommes l\u00e0 pour vous accompagner dans toutes vos d\u00e9marches cr\u00e9atives et techniques ! \ud83d\udccd Adresse :10 chemin de Bugard 65220 Lustar \ud83d\udce7 Email :contact@lelol.fr \ud83d\udcde T\u00e9l\u00e9phone :05 62 95 20 77 \ud83d\udcc6 Horaires :Les mercredis sur &hellip; <\/p>\n<p class=\"link-more\"><a href=\"https:\/\/laboratoireorganiquedelustar.fr\/index.php\/contact-2\/\" class=\"more-link\">Lire la suite de<span class=\"screen-reader-text\">\u00ab\u00a0Contact\u00a0\u00bb<\/span><\/a><\/p>\n","protected":false},"author":1,"featured_media":33,"parent":0,"menu_order":0,"comment_status":"closed","ping_status":"open","template":"","meta":{"inspiro_hide_title":false,"footnotes":""},"class_list":["post-9","page","type-page","status-publish","has-post-thumbnail","hentry"],"aioseo_notices":[],"featured_media_urls":{"thumbnail":["https:\/\/laboratoireorganiquedelustar.fr\/wp-content\/uploads\/2024\/07\/343722794_1579953862515500_1522039943460653511_n-150x150.jpg",150,150,true],"medium":["https:\/\/laboratoireorganiquedelustar.fr\/wp-content\/uploads\/2024\/07\/343722794_1579953862515500_1522039943460653511_n-300x200.jpg",300,200,true],"medium_large":["https:\/\/laboratoireorganiquedelustar.fr\/wp-content\/uploads\/2024\/07\/343722794_1579953862515500_1522039943460653511_n.jpg",768,512,false],"large":["https:\/\/laboratoireorganiquedelustar.fr\/wp-content\/uploads\/2024\/07\/343722794_1579953862515500_1522039943460653511_n-1024x683.jpg",950,634,true],"1536x1536":["https:\/\/laboratoireorganiquedelustar.fr\/wp-content\/uploads\/2024\/07\/343722794_1579953862515500_1522039943460653511_n.jpg",1440,960,false],"2048x2048":["https:\/\/laboratoireorganiquedelustar.fr\/wp-content\/uploads\/2024\/07\/343722794_1579953862515500_1522039943460653511_n.jpg",1440,960,false],"inspiro-featured-image":["https:\/\/laboratoireorganiquedelustar.fr\/wp-content\/uploads\/2024\/07\/343722794_1579953862515500_1522039943460653511_n.jpg",1440,960,false],"inspiro-loop":["https:\/\/laboratoireorganiquedelustar.fr\/wp-content\/uploads\/2024\/07\/343722794_1579953862515500_1522039943460653511_n-950x320.jpg",950,320,true],"inspiro-loop@2x":["https:\/\/laboratoireorganiquedelustar.fr\/wp-content\/uploads\/2024\/07\/343722794_1579953862515500_1522039943460653511_n-1440x640.jpg",1440,640,true],"portfolio_item-thumbnail":["https:\/\/laboratoireorganiquedelustar.fr\/wp-content\/uploads\/2024\/07\/343722794_1579953862515500_1522039943460653511_n-600x400.jpg",600,400,true],"portfolio_item-thumbnail@2x":["https:\/\/laboratoireorganiquedelustar.fr\/wp-content\/uploads\/2024\/07\/343722794_1579953862515500_1522039943460653511_n-1200x800.jpg",1200,800,true],"portfolio_item-masonry":["https:\/\/laboratoireorganiquedelustar.fr\/wp-content\/uploads\/2024\/07\/343722794_1579953862515500_1522039943460653511_n-600x400.jpg",600,400,true],"portfolio_item-masonry@2x":["https:\/\/laboratoireorganiquedelustar.fr\/wp-content\/uploads\/2024\/07\/343722794_1579953862515500_1522039943460653511_n-1200x800.jpg",1200,800,true],"portfolio_item-thumbnail_cinema":["https:\/\/laboratoireorganiquedelustar.fr\/wp-content\/uploads\/2024\/07\/343722794_1579953862515500_1522039943460653511_n-800x335.jpg",800,335,true],"portfolio_item-thumbnail_portrait":["https:\/\/laboratoireorganiquedelustar.fr\/wp-content\/uploads\/2024\/07\/343722794_1579953862515500_1522039943460653511_n-600x900.jpg",600,900,true],"portfolio_item-thumbnail_portrait@2x":["https:\/\/laboratoireorganiquedelustar.fr\/wp-content\/uploads\/2024\/07\/343722794_1579953862515500_1522039943460653511_n-1200x960.jpg",1200,960,true],"portfolio_item-thumbnail_square":["https:\/\/laboratoireorganiquedelustar.fr\/wp-content\/uploads\/2024\/07\/343722794_1579953862515500_1522039943460653511_n-800x800.jpg",800,800,true]},"_links":{"self":[{"href":"https:\/\/laboratoireorganiquedelustar.fr\/index.php\/wp-json\/wp\/v2\/pages\/9","targetHints":{"allow":["GET"]}}],"collection":[{"href":"https:\/\/laboratoireorganiquedelustar.fr\/index.php\/wp-json\/wp\/v2\/pages"}],"about":[{"href":"https:\/\/laboratoireorganiquedelustar.fr\/index.php\/wp-json\/wp\/v2\/types\/page"}],"author":[{"embeddable":true,"href":"https:\/\/laboratoireorganiquedelustar.fr\/index.php\/wp-json\/wp\/v2\/users\/1"}],"replies":[{"embeddable":true,"href":"https:\/\/laboratoireorganiquedelustar.fr\/index.php\/wp-json\/wp\/v2\/comments?post=9"}],"version-history":[{"count":8,"href":"https:\/\/laboratoireorganiquedelustar.fr\/index.php\/wp-json\/wp\/v2\/pages\/9\/revisions"}],"predecessor-version":[{"id":13634,"href":"https:\/\/laboratoireorganiquedelustar.fr\/index.php\/wp-json\/wp\/v2\/pages\/9\/revisions\/13634"}],"wp:featuredmedia":[{"embeddable":true,"href":"https:\/\/laboratoireorganiquedelustar.fr\/index.php\/wp-json\/wp\/v2\/media\/33"}],"wp:attachment":[{"href":"https:\/\/laboratoireorganiquedelustar.fr\/index.php\/wp-json\/wp\/v2\/media?parent=9"}],"curies":[{"name":"wp","href":"https:\/\/api.w.org\/{rel}","templated":true}]}}