{"id":585,"date":"2025-01-21T16:05:11","date_gmt":"2025-01-21T15:05:11","guid":{"rendered":"https:\/\/laboratoireorganiquedelustar.fr\/?page_id=585"},"modified":"2025-12-05T11:57:08","modified_gmt":"2025-12-05T10:57:08","slug":"la-communaute","status":"publish","type":"page","link":"https:\/\/laboratoireorganiquedelustar.fr\/index.php\/la-communaute\/","title":{"rendered":"La communaut\u00e9"},"content":{"rendered":"\n<h3 class=\"wp-block-heading\">\u00catre adh\u00e9rent\u00b7e \u00e0 l&rsquo;asso, c&rsquo;est quoi ?<\/h3>\n\n\n\n<p>Adh\u00e9rer \u00e0 l&rsquo;association, c&rsquo;est bien plus qu&rsquo;une simple cotisation annuelle. C&rsquo;est rejoindre une communaut\u00e9 dynamique de personnes curieuses, passionn\u00e9es et engag\u00e9es dans le partage des savoirs et des savoir-faire.<\/p>\n\n\n\n<p>En devenant adh\u00e9rent\u00b7e, vous acc\u00e9dez aux espaces et aux \u00e9quipements mutualis\u00e9s, participez aux projets collaboratifs et b\u00e9n\u00e9ficiez de formations et d&rsquo;ateliers pour monter en comp\u00e9tences. Vous pouvez aussi proposer des activit\u00e9s, partager vos connaissances et contribuer \u00e0 la vie de l&rsquo;association selon vos envies et disponibilit\u00e9s.<\/p>\n\n\n\n<p>D\u00e8s lors que vous \u00eates \u00e0 jour de votre cotisation, vous recevez une <strong>newsletter mensuelle<\/strong> qui vous informe des actualit\u00e9s et \u00e9v\u00e9nements \u00e0 venir. Elle vous permet \u00e9galement de rejoindre les diff\u00e9rents <strong>canaux de communication<\/strong> de l&rsquo;asso et d\u2019acc\u00e9der \u00e0 tous les <strong>services de la communaut\u00e9<\/strong>.<\/p>\n\n\n\n<p>\u00catre adh\u00e9rent\u00b7e, c&rsquo;est aussi soutenir une d\u00e9marche collective qui favorise l&rsquo;entraide, l&rsquo;innovation et la cr\u00e9ativit\u00e9. C&rsquo;est faire vivre un lieu o\u00f9 l&rsquo;on apprend ensemble, o\u00f9 l&rsquo;on exp\u00e9rimente et o\u00f9 l&rsquo;on donne une seconde vie aux objets, aux mat\u00e9riaux\u2026 et parfois m\u00eame aux id\u00e9es !<\/p>\n\n\n\n<p>Que vous soyez bricoleur\u00b7se du dimanche, passionn\u00e9\u00b7e de fabrication, curieux\u00b7se ou expert\u00b7e dans un domaine, vous avez votre place au sein de l&rsquo;asso. <strong>Rejoignez-nous et participez \u00e0 cette aventure collective !<\/strong><\/p>\n\n\n\n<hr class=\"wp-block-separator has-alpha-channel-opacity is-style-dots\"\/>\n\n\n\n<h2 class=\"wp-block-heading has-text-align-center\">La nouvelle CAMPAGNE 2026 est en ligne !<\/h2>\n\n\n\n<div class=\"wp-block-buttons is-content-justification-center is-layout-flex wp-container-core-buttons-is-layout-a89b3969 wp-block-buttons-is-layout-flex\">\n<div class=\"wp-block-button is-style-outline is-style-outline--1\"><a class=\"wp-block-button__link has-background has-medium-font-size has-custom-font-size wp-element-button\" href=\"https:\/\/www.helloasso.com\/associations\/laboratoire-organique-de-lustar\/adhesions\/adhesion-laboratoire-organique-de-lustar-2026\" style=\"background-color:#eed780\">Adh\u00e9sion 2026 c&rsquo;est par ici !<\/a><\/div>\n<\/div>\n\n\n\n<hr class=\"wp-block-separator has-alpha-channel-opacity is-style-dots\"\/>\n\n\n\n<div class=\"wp-block-wpzoom-blocks-social-icons is-style-with-canvas-round\" style=\"--wpz-social-icons-block-item-font-size:18px;--wpz-social-icons-block-item-padding-horizontal:6px;--wpz-social-icons-block-item-padding-vertical:6px;--wpz-social-icons-block-item-margin-horizontal:5px;--wpz-social-icons-block-item-margin-vertical:5px;--wpz-social-icons-block-item-border-radius:50px;--wpz-social-icons-block-label-font-size:16px;--wpz-social-icons-block-label-color:#2e3131;--wpz-social-icons-block-label-color-hover:#2e3131;--wpz-social-icons-alignment:center\"><a href=\"https:\/\/www.facebook.com\/LaboratoiredeLustar\/\" class=\"social-icon-link\" title=\"Facebook\" style=\"--wpz-social-icons-block-item-color:#0866FF;--wpz-social-icons-block-item-color-hover:#0866FF\"><span class=\"social-icon socicon socicon-facebook\"><\/span><\/a><a href=\"https:\/\/www.instagram.com\/laboratoireorganiquelustar\/\" class=\"social-icon-link\" title=\"Instagram\" style=\"--wpz-social-icons-block-item-color:#E4405F;--wpz-social-icons-block-item-color-hover:#E4405F\"><span class=\"social-icon socicon socicon-instagram\"><\/span><\/a><\/div>\n\n\n\n<div class=\"wp-block-group has-global-padding is-layout-constrained wp-block-group-is-layout-constrained\">\n<div class=\"wp-block-buttons is-content-justification-center is-layout-flex wp-container-core-buttons-is-layout-a89b3969 wp-block-buttons-is-layout-flex\">\n<div class=\"wp-block-button\"><a class=\"wp-block-button__link wp-element-button\" href=\"http:\/\/localhost:8888\/wordpressLOL\/index.php\/contact-2\/\">Nous contacter<\/a><\/div>\n<\/div>\n<\/div>\n\n\n\n<p><\/p>\n","protected":false},"excerpt":{"rendered":"<p>\u00catre adh\u00e9rent\u00b7e \u00e0 l&rsquo;asso, c&rsquo;est quoi ? Adh\u00e9rer \u00e0 l&rsquo;association, c&rsquo;est bien plus qu&rsquo;une simple cotisation annuelle. C&rsquo;est rejoindre une communaut\u00e9 dynamique de personnes curieuses, passionn\u00e9es et engag\u00e9es dans le partage des savoirs et des savoir-faire. En devenant adh\u00e9rent\u00b7e, vous acc\u00e9dez aux espaces et aux \u00e9quipements mutualis\u00e9s, participez aux projets collaboratifs et b\u00e9n\u00e9ficiez de formations &hellip; <\/p>\n<p class=\"link-more\"><a href=\"https:\/\/laboratoireorganiquedelustar.fr\/index.php\/la-communaute\/\" class=\"more-link\">Lire la suite de<span class=\"screen-reader-text\">\u00ab\u00a0La communaut\u00e9\u00a0\u00bb<\/span><\/a><\/p>\n","protected":false},"author":1,"featured_media":0,"parent":0,"menu_order":0,"comment_status":"closed","ping_status":"closed","template":"","meta":{"inspiro_hide_title":false,"footnotes":""},"class_list":["post-585","page","type-page","status-publish","hentry"],"aioseo_notices":[],"featured_media_urls":[],"_links":{"self":[{"href":"https:\/\/laboratoireorganiquedelustar.fr\/index.php\/wp-json\/wp\/v2\/pages\/585","targetHints":{"allow":["GET"]}}],"collection":[{"href":"https:\/\/laboratoireorganiquedelustar.fr\/index.php\/wp-json\/wp\/v2\/pages"}],"about":[{"href":"https:\/\/laboratoireorganiquedelustar.fr\/index.php\/wp-json\/wp\/v2\/types\/page"}],"author":[{"embeddable":true,"href":"https:\/\/laboratoireorganiquedelustar.fr\/index.php\/wp-json\/wp\/v2\/users\/1"}],"replies":[{"embeddable":true,"href":"https:\/\/laboratoireorganiquedelustar.fr\/index.php\/wp-json\/wp\/v2\/comments?post=585"}],"version-history":[{"count":6,"href":"https:\/\/laboratoireorganiquedelustar.fr\/index.php\/wp-json\/wp\/v2\/pages\/585\/revisions"}],"predecessor-version":[{"id":13636,"href":"https:\/\/laboratoireorganiquedelustar.fr\/index.php\/wp-json\/wp\/v2\/pages\/585\/revisions\/13636"}],"wp:attachment":[{"href":"https:\/\/laboratoireorganiquedelustar.fr\/index.php\/wp-json\/wp\/v2\/media?parent=585"}],"curies":[{"name":"wp","href":"https:\/\/api.w.org\/{rel}","templated":true}]}}