{"id":489,"date":"2025-01-21T12:03:44","date_gmt":"2025-01-21T11:03:44","guid":{"rendered":"https:\/\/laboratoireorganiquedelustar.fr\/?page_id=489"},"modified":"2025-12-05T11:20:46","modified_gmt":"2025-12-05T10:20:46","slug":"lassociation","status":"publish","type":"page","link":"https:\/\/laboratoireorganiquedelustar.fr\/index.php\/lassociation\/","title":{"rendered":"&#8211; L&rsquo;association &#8211;"},"content":{"rendered":"\n<h3 class=\"wp-block-heading\"><strong>Pr\u00e9sentation du Laboratoire Organique de Lustar (LOL)<\/strong><\/h3>\n\n\n\n<p>Le <strong>Laboratoire Organique de Lustar (LOL)<\/strong> est une association \u00e0 but non lucratif, r\u00e9gie par la loi 1901, fond\u00e9e en novembre 2016. Elle a pour mission de promouvoir des pratiques durables, innovantes et solidaires, notamment \u00e0 travers des projets alliant les domaines de l\u2019agriculture, de l\u2019artisanat et des nouvelles technologies. Implant\u00e9\u00b7e dans un <strong>territoire rural excentr\u00e9 et isol\u00e9<\/strong>, le LOL s\u2019engage \u00e0 redynamiser sa r\u00e9gion tout en valorisant les savoir-faire locaux et les ressources naturelles.<\/p>\n\n\n\n<h3 class=\"wp-block-heading\">Nos Objectifs et Valeurs<\/h3>\n\n\n\n<p>Le LOL a \u00e9t\u00e9 cr\u00e9\u00e9 avec la volont\u00e9 de favoriser les synergies entre des personnes issues d\u2019horizons divers (artisan\u00b7es, chercheur\u00b7euses, \u00e9tudiant\u00b7es, makers, entreprises) pour concevoir des projets innovants et utiles \u00e0 la collectivit\u00e9. L&rsquo;association \u0153uvre pour la transition sociale et environnementale, en mettant en avant des savoir-faire locaux et en r\u00e9pondant aux d\u00e9fis sp\u00e9cifiques des territoires ruraux : isolement g\u00e9ographique, perte d\u2019activit\u00e9 \u00e9conomique et culturelle, et rar\u00e9faction des opportunit\u00e9s pour les habitant\u00b7es.<\/p>\n\n\n\n<h3 class=\"wp-block-heading\">Un FabLab au c\u0153ur de nos activit\u00e9s<\/h3>\n\n\n\n<p>Le LOL s\u2019est rapidement dot\u00e9 d\u2019un <strong>FabLab<\/strong>, un espace de fabrication num\u00e9rique o\u00f9 chacun\u00b7e peut exp\u00e9rimenter, cr\u00e9er et prototyper \u00e0 partir de machines et d\u2019outils de haute technologie. Ce lieu de partage et d\u2019apprentissage, unique dans cette r\u00e9gion excentr\u00e9e, permet aux habitant\u00b7es de se reconnecter \u00e0 des dynamiques de cr\u00e9ation et d\u2019innovation. Il offre aussi des ressources pr\u00e9cieuses aux porteur\u00b7euses de projets pour concr\u00e9tiser leurs id\u00e9es et participe activement \u00e0 la redynamisation locale.<\/p>\n\n\n\n<h3 class=\"wp-block-heading\">Nos Actions et Projets<\/h3>\n\n\n\n<p>L&rsquo;association met en place des <strong>ateliers, des formations, et des \u00e9v\u00e9nements<\/strong> ouverts \u00e0 toutes et tous. Ces initiatives visent \u00e0 :<\/p>\n\n\n\n<ul class=\"wp-block-list\">\n<li><strong>R\u00e9activer le tissu social local<\/strong> en cr\u00e9ant des espaces d\u2019\u00e9change et de coop\u00e9ration.<\/li>\n\n\n\n<li><strong>Sensibiliser le public aux enjeux environnementaux et sociaux<\/strong> \u00e0 travers des projets tels que la fabrication num\u00e9rique, l\u2019\u00e9co-construction ou l\u2019exp\u00e9rimentation agricole (mara\u00eechage, apiculture).<\/li>\n\n\n\n<li><strong>Soutenir les porteur\u00b7euses de projets locaux<\/strong> avec un accompagnement personnalis\u00e9 et l\u2019acc\u00e8s \u00e0 des outils et savoir-faire.<br>Parmi les \u00e9v\u00e9nements phares, le <strong>Mini Faire Festival<\/strong> r\u00e9unit chaque ann\u00e9e makers, artisan\u00b7es et curieux\u00b7ses autour du <strong>faire soi-m\u00eame<\/strong> et de la valorisation des savoir-faire locaux.<\/li>\n<\/ul>\n\n\n\n<h3 class=\"wp-block-heading\">Un Engagement pour la Transition et l\u2019Int\u00e9r\u00eat G\u00e9n\u00e9ral<\/h3>\n\n\n\n<p>Le LOL s\u2019inscrit dans une dynamique de <strong>transition \u00e9cologique et sociale<\/strong>, avec une approche profond\u00e9ment ancr\u00e9e dans les sp\u00e9cificit\u00e9s des territoires ruraux. L\u2019association contribue \u00e0 leur dynamisme en valorisant leurs ressources naturelles et humaines, tout en soutenant des initiatives novatrices, durables et inclusives.<\/p>\n\n\n\n<p>Gr\u00e2ce \u00e0 son FabLab et \u00e0 ses projets innovants, le <strong>Laboratoire Organique de Lustar<\/strong> se positionne comme un acteur cl\u00e9 de la revitalisation rurale, en r\u00e9inventant les liens entre innovation technologique, transmission des savoir-faire, et \u00e9panouissement local.<\/p>\n\n\n\n<hr class=\"wp-block-separator has-alpha-channel-opacity is-style-dots\"\/>\n\n\n\n<div class=\"wp-block-columns is-layout-flex wp-container-core-columns-is-layout-28f84493 wp-block-columns-is-layout-flex\">\n<div class=\"wp-block-column is-layout-flow wp-block-column-is-layout-flow\" style=\"flex-basis:100%\">\n<details class=\"wp-block-details is-layout-flow wp-block-details-is-layout-flow\"><summary>STATUTS DE L&rsquo;ASSOCIATION<\/summary>\n<div data-wp-interactive=\"core\/file\" class=\"wp-block-file\"><object data-wp-bind--hidden=\"!state.hasPdfPreview\" hidden class=\"wp-block-file__embed\" data=\"http:\/\/localhost:8888\/wordpressLOL\/wp-content\/uploads\/2025\/01\/StatutsLOL2016-2.pdf\" type=\"application\/pdf\" style=\"width:100%;height:600px\" aria-label=\"Contenu embarqu\u00e9 StatutsLOL2016 (2).\"><\/object><a id=\"wp-block-file--media-b1febfdf-3a51-49c8-b5b3-af09487744a4\" href=\"http:\/\/localhost:8888\/wordpressLOL\/wp-content\/uploads\/2025\/01\/StatutsLOL2016-2.pdf\">StatutsLOL2016 (2)<\/a><a href=\"http:\/\/localhost:8888\/wordpressLOL\/wp-content\/uploads\/2025\/01\/StatutsLOL2016-2.pdf\" class=\"wp-block-file__button wp-element-button\" download aria-describedby=\"wp-block-file--media-b1febfdf-3a51-49c8-b5b3-af09487744a4\">T\u00e9l\u00e9charger<\/a><\/div>\n<\/details>\n\n\n\n<details class=\"wp-block-details is-layout-flow wp-block-details-is-layout-flow\"><summary>AG 2024<\/summary>\n<div data-wp-interactive=\"core\/file\" class=\"wp-block-file\"><object data-wp-bind--hidden=\"!state.hasPdfPreview\" hidden class=\"wp-block-file__embed\" data=\"http:\/\/localhost:8888\/wordpressLOL\/wp-content\/uploads\/2025\/12\/2025-AG-sur-2024-2.pdf\" type=\"application\/pdf\" style=\"width:100%;height:600px\" aria-label=\"Contenu embarqu\u00e9 2025-AG sur 2024 (2).\"><\/object><a id=\"wp-block-file--media-9d88cc37-b47a-4073-a385-6f3f7276be46\" href=\"http:\/\/localhost:8888\/wordpressLOL\/wp-content\/uploads\/2025\/12\/2025-AG-sur-2024-2.pdf\">2025-AG sur 2024 (2)<\/a><a href=\"http:\/\/localhost:8888\/wordpressLOL\/wp-content\/uploads\/2025\/12\/2025-AG-sur-2024-2.pdf\" class=\"wp-block-file__button wp-element-button\" download aria-describedby=\"wp-block-file--media-9d88cc37-b47a-4073-a385-6f3f7276be46\">T\u00e9l\u00e9charger<\/a><\/div>\n<\/details>\n\n\n\n<details class=\"wp-block-details is-layout-flow wp-block-details-is-layout-flow\"><summary>BILAN FINANCIER 2024<\/summary>\n<div data-wp-interactive=\"core\/file\" class=\"wp-block-file\"><object data-wp-bind--hidden=\"!state.hasPdfPreview\" hidden class=\"wp-block-file__embed\" data=\"http:\/\/localhost:8888\/wordpressLOL\/wp-content\/uploads\/2025\/12\/6505240-LABORATOIRE-ORGANIQUE-DE-LUSTAR-LOL-2024-DIAPORAMA-BI-1.pdf\" type=\"application\/pdf\" style=\"width:100%;height:600px\" aria-label=\"Contenu embarqu\u00e9 6505240-LABORATOIRE ORGANIQUE DE LUSTAR LOL-2024-DIAPORAMA (BI) (1).\"><\/object><a id=\"wp-block-file--media-2e7d3d8b-f836-4e4f-922e-4d6781ed8c91\" href=\"http:\/\/localhost:8888\/wordpressLOL\/wp-content\/uploads\/2025\/12\/6505240-LABORATOIRE-ORGANIQUE-DE-LUSTAR-LOL-2024-DIAPORAMA-BI-1.pdf\">6505240-LABORATOIRE ORGANIQUE DE LUSTAR LOL-2024-DIAPORAMA (BI) (1)<\/a><a href=\"http:\/\/localhost:8888\/wordpressLOL\/wp-content\/uploads\/2025\/12\/6505240-LABORATOIRE-ORGANIQUE-DE-LUSTAR-LOL-2024-DIAPORAMA-BI-1.pdf\" class=\"wp-block-file__button wp-element-button\" download aria-describedby=\"wp-block-file--media-2e7d3d8b-f836-4e4f-922e-4d6781ed8c91\">T\u00e9l\u00e9charger<\/a><\/div>\n<\/details>\n\n\n\n<details class=\"wp-block-details is-layout-flow wp-block-details-is-layout-flow\"><summary>REGLEMENT INTERIEUR EN COURS DE CONSTRUCTION<\/summary>\n<p><\/p>\n<\/details>\n<\/div>\n<\/div>\n\n\n\n<hr class=\"wp-block-separator has-alpha-channel-opacity is-style-dots\"\/>\n\n\n\n<h1 class=\"wp-block-heading\">Le Bureau<\/h1>\n\n\n\n<div class=\"wp-block-group has-global-padding is-layout-constrained wp-block-group-is-layout-constrained\">\n<div class=\"wp-block-group is-layout-flow wp-block-group-is-layout-flow\">\n<div style=\"height:32px\" aria-hidden=\"true\" class=\"wp-block-spacer\"><\/div>\n\n\n\n<div style=\"height:0px\" aria-hidden=\"true\" class=\"wp-block-spacer\"><\/div>\n\n\n\n<div class=\"wp-block-columns is-layout-flex wp-container-core-columns-is-layout-28f84493 wp-block-columns-is-layout-flex\">\n<div class=\"wp-block-column is-style-default is-layout-flow wp-block-column-is-layout-flow\" style=\"border-style:none;border-width:0px;padding-top:0;padding-right:0;padding-bottom:0;padding-left:0\">\n<figure class=\"wp-block-image size-full\"><img fetchpriority=\"high\" decoding=\"async\" width=\"387\" height=\"433\" src=\"http:\/\/localhost:8888\/wordpressLOL\/wp-content\/uploads\/2025\/01\/adri-1.jpg\" alt=\"\" class=\"wp-image-492\" srcset=\"https:\/\/laboratoireorganiquedelustar.fr\/wp-content\/uploads\/2025\/01\/adri-1.jpg 387w, https:\/\/laboratoireorganiquedelustar.fr\/wp-content\/uploads\/2025\/01\/adri-1-268x300.jpg 268w\" sizes=\"(max-width: 387px) 100vw, 387px\" \/><\/figure>\n\n\n\n<h2 class=\"wp-block-heading has-text-align-center\">Adrien Gautier<\/h2>\n\n\n\n<p>Pr\u00e9sident<\/p>\n\n\n\n<p>Adrien est l\u2019un des membres fondateurs de l\u2019association, r\u00e9unissant d\u00e8s sa cr\u00e9ation des artisan\u00b7es, makers et passionn\u00e9\u00b7es autour d\u2019un projet commun. Actuellement, il en assure la pr\u00e9sidence, contribuant activement \u00e0 d\u00e9velopper les initiatives du Laboratoire Organique de Lustar et \u00e0 f\u00e9d\u00e9rer une communaut\u00e9 engag\u00e9e autour de l\u2019innovation sociale, technique et \u00e9cologique.<\/p>\n\n\n\n<ul class=\"wp-block-social-links has-icon-color is-style-logos-only is-layout-flex wp-block-social-links-is-layout-flex\"><li style=\"color:#6C6C77;\" class=\"wp-social-link wp-social-link-linkedin has-lightgrey-color wp-block-social-link\"><a href=\"#\" class=\"wp-block-social-link-anchor\"><svg width=\"24\" height=\"24\" viewBox=\"0 0 24 24\" version=\"1.1\" xmlns=\"http:\/\/www.w3.org\/2000\/svg\" aria-hidden=\"true\" focusable=\"false\"><path d=\"M19.7,3H4.3C3.582,3,3,3.582,3,4.3v15.4C3,20.418,3.582,21,4.3,21h15.4c0.718,0,1.3-0.582,1.3-1.3V4.3 C21,3.582,20.418,3,19.7,3z M8.339,18.338H5.667v-8.59h2.672V18.338z M7.004,8.574c-0.857,0-1.549-0.694-1.549-1.548 c0-0.855,0.691-1.548,1.549-1.548c0.854,0,1.547,0.694,1.547,1.548C8.551,7.881,7.858,8.574,7.004,8.574z M18.339,18.338h-2.669 v-4.177c0-0.996-0.017-2.278-1.387-2.278c-1.389,0-1.601,1.086-1.601,2.206v4.249h-2.667v-8.59h2.559v1.174h0.037 c0.356-0.675,1.227-1.387,2.526-1.387c2.703,0,3.203,1.779,3.203,4.092V18.338z\"><\/path><\/svg><span class=\"wp-block-social-link-label screen-reader-text\">LinkedIn<\/span><\/a><\/li><\/ul>\n<\/div>\n\n\n\n<div class=\"wp-block-column is-style-default is-layout-flow wp-block-column-is-layout-flow\" style=\"border-style:none;border-width:0px;padding-top:0;padding-right:0;padding-bottom:0;padding-left:0\">\n<figure class=\"wp-block-image aligncenter size-full is-resized\"><img decoding=\"async\" width=\"342\" height=\"395\" src=\"http:\/\/localhost:8888\/wordpressLOL\/wp-content\/uploads\/2025\/01\/clara-1.jpg\" alt=\"\" class=\"wp-image-495\" style=\"width:375px;height:auto\" srcset=\"https:\/\/laboratoireorganiquedelustar.fr\/wp-content\/uploads\/2025\/01\/clara-1.jpg 342w, https:\/\/laboratoireorganiquedelustar.fr\/wp-content\/uploads\/2025\/01\/clara-1-260x300.jpg 260w\" sizes=\"(max-width: 342px) 100vw, 342px\" \/><\/figure>\n\n\n\n<h2 class=\"wp-block-heading has-text-align-center\">Clara Lahitte<\/h2>\n\n\n\n<p>Tr\u00e9sori\u00e8re <\/p>\n\n\n\n<p>Clara est l\u2019une des membres fondatrices de l\u2019association, o\u00f9 elle occupe le r\u00f4le essentiel de tr\u00e9sori\u00e8re. Engag\u00e9e d\u00e8s les d\u00e9buts du Laboratoire Organique de Lustar, elle joue un r\u00f4le cl\u00e9 dans la gestion financi\u00e8re et strat\u00e9gique de l\u2019organisation. Clara apporte \u00e9galement son expertise en gestion de projets et sa passion pour l\u2019artisanat et l\u2019innovation, contribuant \u00e0 faire du LOL un espace dynamique r\u00e9unissant makers, artisan\u00b7es et cr\u00e9atif\u00b7ves autour de valeurs communes.<\/p>\n\n\n\n<ul class=\"wp-block-social-links has-icon-color is-style-logos-only is-layout-flex wp-block-social-links-is-layout-flex\"><li style=\"color:#6C6C77;\" class=\"wp-social-link wp-social-link-linkedin has-lightgrey-color wp-block-social-link\"><a href=\"#\" class=\"wp-block-social-link-anchor\"><svg width=\"24\" height=\"24\" viewBox=\"0 0 24 24\" version=\"1.1\" xmlns=\"http:\/\/www.w3.org\/2000\/svg\" aria-hidden=\"true\" focusable=\"false\"><path d=\"M19.7,3H4.3C3.582,3,3,3.582,3,4.3v15.4C3,20.418,3.582,21,4.3,21h15.4c0.718,0,1.3-0.582,1.3-1.3V4.3 C21,3.582,20.418,3,19.7,3z M8.339,18.338H5.667v-8.59h2.672V18.338z M7.004,8.574c-0.857,0-1.549-0.694-1.549-1.548 c0-0.855,0.691-1.548,1.549-1.548c0.854,0,1.547,0.694,1.547,1.548C8.551,7.881,7.858,8.574,7.004,8.574z M18.339,18.338h-2.669 v-4.177c0-0.996-0.017-2.278-1.387-2.278c-1.389,0-1.601,1.086-1.601,2.206v4.249h-2.667v-8.59h2.559v1.174h0.037 c0.356-0.675,1.227-1.387,2.526-1.387c2.703,0,3.203,1.779,3.203,4.092V18.338z\"><\/path><\/svg><span class=\"wp-block-social-link-label screen-reader-text\">LinkedIn<\/span><\/a><\/li><\/ul>\n<\/div>\n<\/div>\n<\/div>\n\n\n\n<div style=\"height:82px\" aria-hidden=\"true\" class=\"wp-block-spacer\"><\/div>\n<\/div>\n\n\n\n<div class=\"wp-block-group has-global-padding is-layout-constrained wp-block-group-is-layout-constrained\">\n<figure class=\"wp-block-image aligncenter size-full is-resized\"><img decoding=\"async\" width=\"5308\" height=\"5420\" src=\"http:\/\/localhost:8888\/wordpressLOL\/wp-content\/uploads\/2025\/01\/logo-cercle-3-2.png\" alt=\"\" class=\"wp-image-499\" style=\"width:219px;height:auto\" srcset=\"https:\/\/laboratoireorganiquedelustar.fr\/wp-content\/uploads\/2025\/01\/logo-cercle-3-2.png 5308w, https:\/\/laboratoireorganiquedelustar.fr\/wp-content\/uploads\/2025\/01\/logo-cercle-3-2-294x300.png 294w, https:\/\/laboratoireorganiquedelustar.fr\/wp-content\/uploads\/2025\/01\/logo-cercle-3-2-1003x1024.png 1003w, https:\/\/laboratoireorganiquedelustar.fr\/wp-content\/uploads\/2025\/01\/logo-cercle-3-2-2000x2042.png 2000w\" sizes=\"(max-width: 5308px) 100vw, 5308px\" \/><\/figure>\n<\/div>\n\n\n\n<hr class=\"wp-block-separator has-alpha-channel-opacity is-style-dots\"\/>\n\n\n\n<div class=\"wp-block-wpzoom-blocks-social-icons is-style-with-canvas-round\" style=\"--wpz-social-icons-block-item-font-size:18px;--wpz-social-icons-block-item-padding-horizontal:6px;--wpz-social-icons-block-item-padding-vertical:6px;--wpz-social-icons-block-item-margin-horizontal:5px;--wpz-social-icons-block-item-margin-vertical:5px;--wpz-social-icons-block-item-border-radius:50px;--wpz-social-icons-block-label-font-size:16px;--wpz-social-icons-block-label-color:#2e3131;--wpz-social-icons-block-label-color-hover:#2e3131;--wpz-social-icons-alignment:center\"><a href=\"https:\/\/www.facebook.com\/LaboratoiredeLustar\/\" class=\"social-icon-link\" title=\"Facebook\" style=\"--wpz-social-icons-block-item-color:#0866FF;--wpz-social-icons-block-item-color-hover:#0866FF\"><span class=\"social-icon socicon socicon-facebook\"><\/span><\/a><a href=\"https:\/\/www.instagram.com\/laboratoireorganiquelustar\/\" class=\"social-icon-link\" title=\"Instagram\" style=\"--wpz-social-icons-block-item-color:#E4405F;--wpz-social-icons-block-item-color-hover:#E4405F\"><span class=\"social-icon socicon socicon-instagram\"><\/span><\/a><\/div>\n\n\n\n<div class=\"wp-block-group has-global-padding is-layout-constrained wp-block-group-is-layout-constrained\">\n<div class=\"wp-block-buttons is-content-justification-center is-layout-flex wp-container-core-buttons-is-layout-a89b3969 wp-block-buttons-is-layout-flex\">\n<div class=\"wp-block-button\"><a class=\"wp-block-button__link wp-element-button\" href=\"http:\/\/localhost:8888\/wordpressLOL\/index.php\/contact-2\/\">Nous contacter<\/a><\/div>\n<\/div>\n<\/div>\n\n\n\n<div class=\"wp-block-buttons is-content-justification-center is-layout-flex wp-container-core-buttons-is-layout-a89b3969 wp-block-buttons-is-layout-flex\">\n<div class=\"wp-block-button is-style-outline is-style-outline--1\"><a class=\"wp-block-button__link has-background has-medium-font-size has-custom-font-size wp-element-button\" href=\"https:\/\/www.helloasso.com\/associations\/laboratoire-organique-de-lustar\/adhesions\/adhesion-laboratoire-organique-de-lustar-2026\" style=\"background-color:#eed780\">Soutenez-nous en devenant adh\u00e9rent\u00b7e !<\/a><\/div>\n<\/div>\n","protected":false},"excerpt":{"rendered":"<p>Pr\u00e9sentation du Laboratoire Organique de Lustar (LOL) Le Laboratoire Organique de Lustar (LOL) est une association \u00e0 but non lucratif, r\u00e9gie par la loi 1901, fond\u00e9e en novembre 2016. Elle a pour mission de promouvoir des pratiques durables, innovantes et solidaires, notamment \u00e0 travers des projets alliant les domaines de l\u2019agriculture, de l\u2019artisanat et des &hellip; <\/p>\n<p class=\"link-more\"><a href=\"https:\/\/laboratoireorganiquedelustar.fr\/index.php\/lassociation\/\" class=\"more-link\">Lire la suite de<span class=\"screen-reader-text\">\u00ab\u00a0&#8211; L&rsquo;association &#8211;\u00a0\u00bb<\/span><\/a><\/p>\n","protected":false},"author":1,"featured_media":0,"parent":0,"menu_order":0,"comment_status":"closed","ping_status":"closed","template":"","meta":{"inspiro_hide_title":false,"footnotes":""},"class_list":["post-489","page","type-page","status-publish","hentry"],"aioseo_notices":[],"featured_media_urls":[],"_links":{"self":[{"href":"https:\/\/laboratoireorganiquedelustar.fr\/index.php\/wp-json\/wp\/v2\/pages\/489","targetHints":{"allow":["GET"]}}],"collection":[{"href":"https:\/\/laboratoireorganiquedelustar.fr\/index.php\/wp-json\/wp\/v2\/pages"}],"about":[{"href":"https:\/\/laboratoireorganiquedelustar.fr\/index.php\/wp-json\/wp\/v2\/types\/page"}],"author":[{"embeddable":true,"href":"https:\/\/laboratoireorganiquedelustar.fr\/index.php\/wp-json\/wp\/v2\/users\/1"}],"replies":[{"embeddable":true,"href":"https:\/\/laboratoireorganiquedelustar.fr\/index.php\/wp-json\/wp\/v2\/comments?post=489"}],"version-history":[{"count":10,"href":"https:\/\/laboratoireorganiquedelustar.fr\/index.php\/wp-json\/wp\/v2\/pages\/489\/revisions"}],"predecessor-version":[{"id":13599,"href":"https:\/\/laboratoireorganiquedelustar.fr\/index.php\/wp-json\/wp\/v2\/pages\/489\/revisions\/13599"}],"wp:attachment":[{"href":"https:\/\/laboratoireorganiquedelustar.fr\/index.php\/wp-json\/wp\/v2\/media?parent=489"}],"curies":[{"name":"wp","href":"https:\/\/api.w.org\/{rel}","templated":true}]}}